{"id":47,"date":"2020-01-29T22:21:59","date_gmt":"2020-01-29T21:21:59","guid":{"rendered":"http:\/\/joymassages.com\/?page_id=47"},"modified":"2023-07-18T11:59:13","modified_gmt":"2023-07-18T09:59:13","slug":"qui-sommes-nous","status":"publish","type":"page","link":"https:\/\/joymassages.com\/index.php\/qui-sommes-nous\/","title":{"rendered":"Qui sommes-nous ?"},"content":{"rendered":"<div class=\"wp-block-image is-style-default\">\n<figure class=\"alignright size-large is-resized\"><img loading=\"lazy\" decoding=\"async\" src=\"http:\/\/joymassages.com\/wp-content\/uploads\/2021\/01\/IMG_20201012_183247-768x1024.jpg\" alt=\"\" class=\"wp-image-313\" width=\"353\" height=\"488\"\/><\/figure>\n<\/div>\n\n\n<p class=\"has-drop-cap\">Julien, 36 ans, passionn\u00e9 depuis toujours par toutes les formes de th\u00e9rapies, le massage, \u00e9videmment, la communication et la cr\u00e9ation plus g\u00e9n\u00e9ralement. Tout ce qui est en mesure de tisser du lien entre deux personnes. Un lien authentique et respectueux des besoins et des limites de chacun. Complet dans la pratique de mon m\u00e9tier, je me suis form\u00e9 dans diff\u00e9rents stages, nourris de plusieurs influences. Je con\u00e7ois mes massages comme des exp\u00e9riences sensorielles uniques, o\u00f9 tous les d\u00e9tails comptent, la musique, les diff\u00e9rentes couleurs de lumi\u00e8re, les odeurs, la temp\u00e9rature de l&rsquo;huile, le mouvement. <\/p>\n\n\n\n<p>J&rsquo;ai la chance d&rsquo;avoir des ami(e)s venu(e)s du monde entier, qui parlent diff\u00e9rentes langues, je leur dis souvent, que notre langue commune, notre langue maternelle, est le toucher. Car avant m\u00eame d&rsquo;\u00eatre capable de parler, nous nous exprimions d\u00e9j\u00e0 avec des gestes, avec nos mains&#8230; Ce langage plus direct, que nous avons parfois oubli\u00e9, est pourtant vital et essentiel, il permet de se reposer, de l\u00e2cher-prise, de ne plus avoir \u00e0 intellectualiser, \u00e0 penser constamment. Mon ambition, mon envie est donc de vous offrir un moment d&rsquo;\u00e9vasion et de d\u00e9tente, loin d&rsquo;un quotidien compliqu\u00e9.<\/p>\n\n\n\n<p> Notre porte-bonheur, que vous verrez dans le logo, est la libellule, symbole du changement et de la m\u00e9tamorphose, pleine de l\u00e9g\u00e8ret\u00e9 et d&rsquo;\u00e9l\u00e9gance. Un massage, c&rsquo;est un peu comme partir en voyage avec quelqu&rsquo;un, s&rsquo;abandonner, apprendre \u00e0 faire confiance, se laisser guider. Ce n&rsquo;est pas toujours simple, mais vous pourrez compter sur ma bienveillance et ma d\u00e9licatesse pour vous accompagner durant chaque seconde de ce beau voyage.<\/p>\n\n\n\n<p><\/p>\n\n\n\n<p><\/p>\n\n\n\n<p class=\"has-drop-cap\">St\u00e9phanie, je suis massoth\u00e9rapeute avec une sp\u00e9cialit\u00e9 en Shiatsu. Mon parcours m&rsquo;a conduit \u00e0 me former dans diff\u00e9rents endroits \u00e0 travers le monde, notamment en Indon\u00e9sie, o\u00f9 j&rsquo;ai pu approfondir mes connaissances sur les chakras et les \u00e9nergies.<\/p>\n\n\n<div class=\"wp-block-image\">\n<figure class=\"alignright size-large is-resized\"><img loading=\"lazy\" decoding=\"async\" src=\"http:\/\/joymassages.com\/wp-content\/uploads\/2023\/07\/IMG-20230709-WA0005-682x1024.jpg\" alt=\"\" class=\"wp-image-362\" width=\"300\" height=\"450\" srcset=\"https:\/\/joymassages.com\/wp-content\/uploads\/2023\/07\/IMG-20230709-WA0005-682x1024.jpg 682w, https:\/\/joymassages.com\/wp-content\/uploads\/2023\/07\/IMG-20230709-WA0005-200x300.jpg 200w, https:\/\/joymassages.com\/wp-content\/uploads\/2023\/07\/IMG-20230709-WA0005-768x1152.jpg 768w, https:\/\/joymassages.com\/wp-content\/uploads\/2023\/07\/IMG-20230709-WA0005-1024x1536.jpg 1024w, https:\/\/joymassages.com\/wp-content\/uploads\/2023\/07\/IMG-20230709-WA0005-40x60.jpg 40w, https:\/\/joymassages.com\/wp-content\/uploads\/2023\/07\/IMG-20230709-WA0005-77x116.jpg 77w, https:\/\/joymassages.com\/wp-content\/uploads\/2023\/07\/IMG-20230709-WA0005.jpg 1067w\" sizes=\"auto, (max-width: 300px) 100vw, 300px\" \/><\/figure>\n<\/div>\n\n\n<p>Ma personnalit\u00e9 se caract\u00e9rise par ma douceur et mon empathie envers mes patients. J&rsquo;accueille chaque personne avec bienveillance, sachant qu&rsquo;ils sont uniques et que leurs besoins et ressentis peuvent varier. Mon objectif est d&rsquo;\u00eatre constamment \u00e0 l&rsquo;\u00e9coute de mes patients, de comprendre leurs besoins sp\u00e9cifiques et de cr\u00e9er un espace o\u00f9 ils se sentent \u00e9cout\u00e9s et compris.<\/p>\n\n\n\n<p>J&rsquo;aborde mon m\u00e9tier avec une approche holistique, prenant en compte non seulement les aspects physiques, mais aussi les dimensions \u00e9motionnelles et spirituelles. Je crois fermement que le bien-\u00eatre global d\u00e9pend de l&rsquo;\u00e9quilibre entre ces diff\u00e9rents \u00e9l\u00e9ments. En travaillant sur les chakras et les \u00e9nergies, je cherche \u00e0 harmoniser les flux \u00e9nerg\u00e9tiques dans le corps, \u00e0 lib\u00e9rer les blocages et \u00e0 favoriser la gu\u00e9rison \u00e0 tous les niveaux. Mon exp\u00e9rience m&rsquo;a permis d&rsquo;acqu\u00e9rir une expertise approfondie dans les techniques de massage traditionnelles, que j&rsquo;adapte selon les besoins sp\u00e9cifiques de chaque individu. J&rsquo;aspire \u00e0 offrir \u00e0 mes patients un moment de d\u00e9tente profonde, de soulagement des tensions musculaires et de reconnexion avec leur essence int\u00e9rieure.<\/p>\n\n\n\n<p>Pour moi, la massoth\u00e9rapie va au-del\u00e0 du simple soulagement physique, c&rsquo;est une opportunit\u00e9 de revitaliser l&rsquo;esprit et l&rsquo;\u00e2me, de favoriser l&rsquo;\u00e9quilibre int\u00e9rieur et de restaurer la vitalit\u00e9.<\/p>\n\n\n\n<p>Chaque s\u00e9ance est une occasion pour moi de cr\u00e9er un espace s\u00e9curis\u00e9 o\u00f9 mes patients peuvent se laisser aller, se ressourcer et se sentir soutenus tout au long de leur parcours vers une vie plus \u00e9quilibr\u00e9e et \u00e9panouissante.<\/p>\n","protected":false},"excerpt":{"rendered":"<p>Julien, 36 ans, passionn\u00e9 depuis toujours par toutes les formes de th\u00e9rapies, le massage, \u00e9videmment, la communication et la cr\u00e9ation plus g\u00e9n\u00e9ralement. Tout ce qui est en mesure de tisser &hellip; <\/p>\n","protected":false},"author":1,"featured_media":231,"parent":0,"menu_order":0,"comment_status":"closed","ping_status":"closed","template":"","meta":{"_glsr_average":0,"_glsr_ranking":0,"_glsr_reviews":0,"footnotes":""},"class_list":["post-47","page","type-page","status-publish","has-post-thumbnail","hentry"],"_links":{"self":[{"href":"https:\/\/joymassages.com\/index.php\/wp-json\/wp\/v2\/pages\/47","targetHints":{"allow":["GET"]}}],"collection":[{"href":"https:\/\/joymassages.com\/index.php\/wp-json\/wp\/v2\/pages"}],"about":[{"href":"https:\/\/joymassages.com\/index.php\/wp-json\/wp\/v2\/types\/page"}],"author":[{"embeddable":true,"href":"https:\/\/joymassages.com\/index.php\/wp-json\/wp\/v2\/users\/1"}],"replies":[{"embeddable":true,"href":"https:\/\/joymassages.com\/index.php\/wp-json\/wp\/v2\/comments?post=47"}],"version-history":[{"count":15,"href":"https:\/\/joymassages.com\/index.php\/wp-json\/wp\/v2\/pages\/47\/revisions"}],"predecessor-version":[{"id":367,"href":"https:\/\/joymassages.com\/index.php\/wp-json\/wp\/v2\/pages\/47\/revisions\/367"}],"wp:featuredmedia":[{"embeddable":true,"href":"https:\/\/joymassages.com\/index.php\/wp-json\/wp\/v2\/media\/231"}],"wp:attachment":[{"href":"https:\/\/joymassages.com\/index.php\/wp-json\/wp\/v2\/media?parent=47"}],"curies":[{"name":"wp","href":"https:\/\/api.w.org\/{rel}","templated":true}]}}