{"id":50,"date":"2020-01-29T22:23:13","date_gmt":"2020-01-29T21:23:13","guid":{"rendered":"http:\/\/joymassages.com\/?page_id=50"},"modified":"2023-01-14T14:23:59","modified_gmt":"2023-01-14T13:23:59","slug":"massages","status":"publish","type":"page","link":"https:\/\/joymassages.com\/index.php\/massages\/","title":{"rendered":"Massages"},"content":{"rendered":"\n<h2 class=\"has-text-align-center wp-block-heading\"><mark style=\"background-color:rgba(0, 0, 0, 0)\" class=\"has-inline-color has-vivid-red-color\"><strong>NOUVEAUTES HIVERNALE !<\/strong><\/mark><\/h2>\n\n\n\n<h3 class=\"has-text-align-center wp-block-heading\"><em>Chaleur des pierres <\/em>&#8211; <em>1h20 min \/ 60\u20ac<\/em><\/h3>\n\n\n\n<hr class=\"wp-block-separator has-css-opacity\"\/>\n\n\n\n<div class=\"wp-block-media-text alignwide has-media-on-the-right is-stacked-on-mobile\" style=\"grid-template-columns:auto 55%\"><div class=\"wp-block-media-text__content\">\n<ul class=\"wp-block-list\">\n<li>Un massage doux, int\u00e9gral avec des pierres de basaltes chaudes et de l&rsquo;huile de s\u00e9same.<\/li>\n\n\n\n<li>Procure une sensation r\u00e9confortante et de chaleur incomparable.<\/li>\n<\/ul>\n<\/div><figure class=\"wp-block-media-text__media\"><img loading=\"lazy\" decoding=\"async\" width=\"1024\" height=\"683\" src=\"http:\/\/joymassages.com\/wp-content\/uploads\/2023\/01\/pexels-anna-tarazevich-6560276-1024x683.jpg\" alt=\"\" class=\"wp-image-341 size-full\" srcset=\"https:\/\/joymassages.com\/wp-content\/uploads\/2023\/01\/pexels-anna-tarazevich-6560276-1024x683.jpg 1024w, https:\/\/joymassages.com\/wp-content\/uploads\/2023\/01\/pexels-anna-tarazevich-6560276-300x200.jpg 300w, https:\/\/joymassages.com\/wp-content\/uploads\/2023\/01\/pexels-anna-tarazevich-6560276-768x512.jpg 768w, https:\/\/joymassages.com\/wp-content\/uploads\/2023\/01\/pexels-anna-tarazevich-6560276-1536x1024.jpg 1536w, https:\/\/joymassages.com\/wp-content\/uploads\/2023\/01\/pexels-anna-tarazevich-6560276-2048x1366.jpg 2048w, https:\/\/joymassages.com\/wp-content\/uploads\/2023\/01\/pexels-anna-tarazevich-6560276-90x60.jpg 90w, https:\/\/joymassages.com\/wp-content\/uploads\/2023\/01\/pexels-anna-tarazevich-6560276-370x247.jpg 370w, https:\/\/joymassages.com\/wp-content\/uploads\/2023\/01\/pexels-anna-tarazevich-6560276-776x517.jpg 776w, https:\/\/joymassages.com\/wp-content\/uploads\/2023\/01\/pexels-anna-tarazevich-6560276-174x116.jpg 174w\" sizes=\"auto, (max-width: 1024px) 100vw, 1024px\" \/><\/figure><\/div>\n\n\n\n<h3 class=\"has-text-align-center wp-block-heading\"><em>Formule d\u00e9couverte <\/em>&#8211; <em>40 min \/ 25\u20ac<\/em><\/h3>\n\n\n\n<hr class=\"wp-block-separator has-css-opacity\"\/>\n\n\n\n<div class=\"wp-block-media-text alignwide is-stacked-on-mobile\" style=\"grid-template-columns:55% auto\"><figure class=\"wp-block-media-text__media\"><img loading=\"lazy\" decoding=\"async\" width=\"612\" height=\"406\" src=\"http:\/\/joymassages.com\/wp-content\/uploads\/2021\/01\/istockphoto-994810170-612x612-1.jpg\" alt=\"\" class=\"wp-image-254 size-full\" srcset=\"https:\/\/joymassages.com\/wp-content\/uploads\/2021\/01\/istockphoto-994810170-612x612-1.jpg 612w, https:\/\/joymassages.com\/wp-content\/uploads\/2021\/01\/istockphoto-994810170-612x612-1-300x199.jpg 300w, https:\/\/joymassages.com\/wp-content\/uploads\/2021\/01\/istockphoto-994810170-612x612-1-90x60.jpg 90w, https:\/\/joymassages.com\/wp-content\/uploads\/2021\/01\/istockphoto-994810170-612x612-1-175x116.jpg 175w\" sizes=\"auto, (max-width: 612px) 100vw, 612px\" \/><\/figure><div class=\"wp-block-media-text__content\">\n<p>Un massage sur mesure, en fonction de vos besoins :<\/p>\n\n\n\n<ul class=\"wp-block-list\">\n<li>T\u00eate + nuque<\/li>\n<\/ul>\n\n\n\n<ul class=\"wp-block-list\">\n<li>Massage dos<\/li>\n<\/ul>\n\n\n\n<ul class=\"wp-block-list\">\n<li>Massage jambes + pieds<\/li>\n<\/ul>\n<\/div><\/div>\n\n\n\n<h3 class=\"has-text-align-center wp-block-heading\"><em>Formule \u00e9vasion &#8211; 1h10 \/ 45\u20ac<\/em><\/h3>\n\n\n\n<hr class=\"wp-block-separator has-css-opacity\"\/>\n\n\n\n<div class=\"wp-block-media-text alignwide has-media-on-the-right is-stacked-on-mobile\" style=\"grid-template-columns:auto 57%\"><div class=\"wp-block-media-text__content\">\n<ul class=\"wp-block-list\">\n<li>Massage ayurv\u00e9dique int\u00e9gral avec de l&rsquo;huile de s\u00e9same chaude.<\/li>\n<\/ul>\n<\/div><figure class=\"wp-block-media-text__media\"><img loading=\"lazy\" decoding=\"async\" width=\"1024\" height=\"683\" src=\"http:\/\/joymassages.com\/wp-content\/uploads\/2021\/01\/massage-1929064_1920-1024x683.jpg\" alt=\"\" class=\"wp-image-305 size-full\" srcset=\"https:\/\/joymassages.com\/wp-content\/uploads\/2021\/01\/massage-1929064_1920-1024x683.jpg 1024w, https:\/\/joymassages.com\/wp-content\/uploads\/2021\/01\/massage-1929064_1920-300x200.jpg 300w, https:\/\/joymassages.com\/wp-content\/uploads\/2021\/01\/massage-1929064_1920-768x512.jpg 768w, https:\/\/joymassages.com\/wp-content\/uploads\/2021\/01\/massage-1929064_1920-1536x1024.jpg 1536w, https:\/\/joymassages.com\/wp-content\/uploads\/2021\/01\/massage-1929064_1920-90x60.jpg 90w, https:\/\/joymassages.com\/wp-content\/uploads\/2021\/01\/massage-1929064_1920-370x247.jpg 370w, https:\/\/joymassages.com\/wp-content\/uploads\/2021\/01\/massage-1929064_1920-776x517.jpg 776w, https:\/\/joymassages.com\/wp-content\/uploads\/2021\/01\/massage-1929064_1920-174x116.jpg 174w, https:\/\/joymassages.com\/wp-content\/uploads\/2021\/01\/massage-1929064_1920.jpg 1920w\" sizes=\"auto, (max-width: 1024px) 100vw, 1024px\" \/><\/figure><\/div>\n\n\n\n<h3 class=\"has-text-align-center wp-block-heading\"><em>Formule sportive <\/em>&#8211; <em>1h10 min 55\u20ac<\/em><\/h3>\n\n\n\n<hr class=\"wp-block-separator has-css-opacity\"\/>\n\n\n\n<div class=\"wp-block-media-text alignwide is-stacked-on-mobile\" style=\"grid-template-columns:55% auto\"><figure class=\"wp-block-media-text__media\"><img loading=\"lazy\" decoding=\"async\" width=\"1024\" height=\"683\" src=\"http:\/\/joymassages.com\/wp-content\/uploads\/2023\/01\/pexels-anna-tarazevich-6560289-1024x683.jpg\" alt=\"\" class=\"wp-image-343 size-full\" srcset=\"https:\/\/joymassages.com\/wp-content\/uploads\/2023\/01\/pexels-anna-tarazevich-6560289-1024x683.jpg 1024w, https:\/\/joymassages.com\/wp-content\/uploads\/2023\/01\/pexels-anna-tarazevich-6560289-300x200.jpg 300w, https:\/\/joymassages.com\/wp-content\/uploads\/2023\/01\/pexels-anna-tarazevich-6560289-768x512.jpg 768w, https:\/\/joymassages.com\/wp-content\/uploads\/2023\/01\/pexels-anna-tarazevich-6560289-1536x1024.jpg 1536w, https:\/\/joymassages.com\/wp-content\/uploads\/2023\/01\/pexels-anna-tarazevich-6560289-2048x1366.jpg 2048w, https:\/\/joymassages.com\/wp-content\/uploads\/2023\/01\/pexels-anna-tarazevich-6560289-90x60.jpg 90w, https:\/\/joymassages.com\/wp-content\/uploads\/2023\/01\/pexels-anna-tarazevich-6560289-370x247.jpg 370w, https:\/\/joymassages.com\/wp-content\/uploads\/2023\/01\/pexels-anna-tarazevich-6560289-776x517.jpg 776w, https:\/\/joymassages.com\/wp-content\/uploads\/2023\/01\/pexels-anna-tarazevich-6560289-174x116.jpg 174w\" sizes=\"auto, (max-width: 1024px) 100vw, 1024px\" \/><\/figure><div class=\"wp-block-media-text__content\">\n<ul class=\"wp-block-list\">\n<li>Massage appuy\u00e9, ax\u00e9 sur la r\u00e9cup\u00e9ration musculaire et le rel\u00e2chement des tensions.<\/li>\n\n\n\n<li>Technique su\u00e9doise<\/li>\n<\/ul>\n<\/div><\/div>\n\n\n\n<h3 class=\"has-text-align-center wp-block-heading\"><em>Formule \u00e0 4 mains <\/em>&#8211; <em>1h10 min 85\u20ac<\/em><\/h3>\n\n\n\n<hr class=\"wp-block-separator has-css-opacity\"\/>\n\n\n\n<div class=\"wp-block-media-text alignwide has-media-on-the-right is-stacked-on-mobile\" style=\"grid-template-columns:auto 57%\"><div class=\"wp-block-media-text__content\">\n<p>Avec ma coll\u00e8gue, form\u00e9e au Shiatsu et au massage Lomi-Lomi nous formons un bin\u00f4me tr\u00e8s compl\u00e9mentaire. <\/p>\n\n\n\n<p>Un massage enveloppant et chaleureux \u00e0 4 mains avec de l&rsquo;huile de s\u00e9same.<\/p>\n<\/div><figure class=\"wp-block-media-text__media\"><img loading=\"lazy\" decoding=\"async\" width=\"1024\" height=\"683\" src=\"http:\/\/joymassages.com\/wp-content\/uploads\/2021\/01\/woman-3708735_1920-1024x683.jpg\" alt=\"\" class=\"wp-image-241 size-full\" srcset=\"https:\/\/joymassages.com\/wp-content\/uploads\/2021\/01\/woman-3708735_1920-1024x683.jpg 1024w, https:\/\/joymassages.com\/wp-content\/uploads\/2021\/01\/woman-3708735_1920-300x200.jpg 300w, https:\/\/joymassages.com\/wp-content\/uploads\/2021\/01\/woman-3708735_1920-768x512.jpg 768w, https:\/\/joymassages.com\/wp-content\/uploads\/2021\/01\/woman-3708735_1920-1536x1024.jpg 1536w, https:\/\/joymassages.com\/wp-content\/uploads\/2021\/01\/woman-3708735_1920-90x60.jpg 90w, https:\/\/joymassages.com\/wp-content\/uploads\/2021\/01\/woman-3708735_1920-370x247.jpg 370w, https:\/\/joymassages.com\/wp-content\/uploads\/2021\/01\/woman-3708735_1920-776x517.jpg 776w, https:\/\/joymassages.com\/wp-content\/uploads\/2021\/01\/woman-3708735_1920-174x116.jpg 174w, https:\/\/joymassages.com\/wp-content\/uploads\/2021\/01\/woman-3708735_1920.jpg 1920w\" sizes=\"auto, (max-width: 1024px) 100vw, 1024px\" \/><\/figure><\/div>\n\n\n\n<p><\/p>\n","protected":false},"excerpt":{"rendered":"<p>NOUVEAUTES HIVERNALE ! Chaleur des pierres &#8211; 1h20 min \/ 60\u20ac Formule d\u00e9couverte &#8211; 40 min \/ 25\u20ac Formule \u00e9vasion &#8211; 1h10 \/ 45\u20ac Formule sportive &#8211; 1h10 min 55\u20ac &hellip; <\/p>\n","protected":false},"author":1,"featured_media":221,"parent":0,"menu_order":0,"comment_status":"closed","ping_status":"closed","template":"","meta":{"_glsr_average":0,"_glsr_ranking":0,"_glsr_reviews":0,"footnotes":""},"class_list":["post-50","page","type-page","status-publish","has-post-thumbnail","hentry"],"_links":{"self":[{"href":"https:\/\/joymassages.com\/index.php\/wp-json\/wp\/v2\/pages\/50","targetHints":{"allow":["GET"]}}],"collection":[{"href":"https:\/\/joymassages.com\/index.php\/wp-json\/wp\/v2\/pages"}],"about":[{"href":"https:\/\/joymassages.com\/index.php\/wp-json\/wp\/v2\/types\/page"}],"author":[{"embeddable":true,"href":"https:\/\/joymassages.com\/index.php\/wp-json\/wp\/v2\/users\/1"}],"replies":[{"embeddable":true,"href":"https:\/\/joymassages.com\/index.php\/wp-json\/wp\/v2\/comments?post=50"}],"version-history":[{"count":19,"href":"https:\/\/joymassages.com\/index.php\/wp-json\/wp\/v2\/pages\/50\/revisions"}],"predecessor-version":[{"id":347,"href":"https:\/\/joymassages.com\/index.php\/wp-json\/wp\/v2\/pages\/50\/revisions\/347"}],"wp:featuredmedia":[{"embeddable":true,"href":"https:\/\/joymassages.com\/index.php\/wp-json\/wp\/v2\/media\/221"}],"wp:attachment":[{"href":"https:\/\/joymassages.com\/index.php\/wp-json\/wp\/v2\/media?parent=50"}],"curies":[{"name":"wp","href":"https:\/\/api.w.org\/{rel}","templated":true}]}}